{"id":1029,"date":"2025-12-06T18:18:31","date_gmt":"2025-12-06T17:18:31","guid":{"rendered":"https:\/\/naimen.shop\/?post_type=product&#038;p=1029"},"modified":"2026-01-07T02:04:57","modified_gmt":"2026-01-07T01:04:57","slug":"bavoir-6m-personnalise","status":"publish","type":"product","link":"https:\/\/naimen.shop\/index.php\/produit\/bavoir-6m-personnalise\/","title":{"rendered":"Bavoir +6m Personnalis\u00e9"},"content":{"rendered":"","protected":false},"excerpt":{"rendered":"<p>Qui mieux que vous pour le rendre unique ! Choisissez toujours un tissu principal 100 % coton certifi\u00e9 Oeko-Tex et un tissu arri\u00e8re (bien qu&rsquo;ils soient r\u00e9versibles) en \u00e9ponge alv\u00e9ol\u00e9e de coton, en tissu \u00e9ponge de coton ou en bambou \u00e9cologique.<\/p>\n","protected":false},"featured_media":879,"comment_status":"open","ping_status":"closed","template":"","meta":[],"product_brand":[],"product_cat":[19,20,31],"product_tag":[],"class_list":{"0":"post-1029","1":"product","2":"type-product","3":"status-publish","4":"has-post-thumbnail","6":"product_cat-bavoir","7":"product_cat-bebe","8":"product_cat-personnalise","10":"first","11":"instock","12":"shipping-taxable","13":"purchasable","14":"product-type-variable"},"_links":{"self":[{"href":"https:\/\/naimen.shop\/index.php\/wp-json\/wp\/v2\/product\/1029","targetHints":{"allow":["GET"]}}],"collection":[{"href":"https:\/\/naimen.shop\/index.php\/wp-json\/wp\/v2\/product"}],"about":[{"href":"https:\/\/naimen.shop\/index.php\/wp-json\/wp\/v2\/types\/product"}],"replies":[{"embeddable":true,"href":"https:\/\/naimen.shop\/index.php\/wp-json\/wp\/v2\/comments?post=1029"}],"wp:featuredmedia":[{"embeddable":true,"href":"https:\/\/naimen.shop\/index.php\/wp-json\/wp\/v2\/media\/879"}],"wp:attachment":[{"href":"https:\/\/naimen.shop\/index.php\/wp-json\/wp\/v2\/media?parent=1029"}],"wp:term":[{"taxonomy":"product_brand","embeddable":true,"href":"https:\/\/naimen.shop\/index.php\/wp-json\/wp\/v2\/product_brand?post=1029"},{"taxonomy":"product_cat","embeddable":true,"href":"https:\/\/naimen.shop\/index.php\/wp-json\/wp\/v2\/product_cat?post=1029"},{"taxonomy":"product_tag","embeddable":true,"href":"https:\/\/naimen.shop\/index.php\/wp-json\/wp\/v2\/product_tag?post=1029"}],"curies":[{"name":"wp","href":"https:\/\/api.w.org\/{rel}","templated":true}]}}