{"id":1468,"date":"2025-12-09T15:56:38","date_gmt":"2025-12-09T14:56:38","guid":{"rendered":"https:\/\/naimen.shop\/?post_type=product&#038;p=1468"},"modified":"2025-12-09T15:59:13","modified_gmt":"2025-12-09T14:59:13","slug":"grand-sapin-de-noel-crochet","status":"publish","type":"product","link":"https:\/\/naimen.shop\/index.php\/produit\/grand-sapin-de-noel-crochet\/","title":{"rendered":"Grand Sapin de No\u00ebl crochet"},"content":{"rendered":"<p>Il est souple, il n&rsquo;a qu&rsquo;une base en carton pour lui donner de la stabilit\u00e9, les enfants peuvent jouer avec.<\/p>\n","protected":false},"excerpt":{"rendered":"<p>C&rsquo;est id\u00e9al pour avoir un sapin de No\u00ebl \u00e0 la maison sans que les plus petits ne le d\u00e9molissent.<\/p>\n<p>Dimensions : 16 cm de base x 30 cm de hauteur<\/p>\n","protected":false},"featured_media":1469,"comment_status":"open","ping_status":"closed","template":"","meta":[],"product_brand":[],"product_cat":[27],"product_tag":[],"class_list":{"0":"post-1468","1":"product","2":"type-product","3":"status-publish","4":"has-post-thumbnail","6":"product_cat-maison","8":"first","9":"instock","10":"shipping-taxable","11":"purchasable","12":"product-type-simple"},"_links":{"self":[{"href":"https:\/\/naimen.shop\/index.php\/wp-json\/wp\/v2\/product\/1468","targetHints":{"allow":["GET"]}}],"collection":[{"href":"https:\/\/naimen.shop\/index.php\/wp-json\/wp\/v2\/product"}],"about":[{"href":"https:\/\/naimen.shop\/index.php\/wp-json\/wp\/v2\/types\/product"}],"replies":[{"embeddable":true,"href":"https:\/\/naimen.shop\/index.php\/wp-json\/wp\/v2\/comments?post=1468"}],"wp:featuredmedia":[{"embeddable":true,"href":"https:\/\/naimen.shop\/index.php\/wp-json\/wp\/v2\/media\/1469"}],"wp:attachment":[{"href":"https:\/\/naimen.shop\/index.php\/wp-json\/wp\/v2\/media?parent=1468"}],"wp:term":[{"taxonomy":"product_brand","embeddable":true,"href":"https:\/\/naimen.shop\/index.php\/wp-json\/wp\/v2\/product_brand?post=1468"},{"taxonomy":"product_cat","embeddable":true,"href":"https:\/\/naimen.shop\/index.php\/wp-json\/wp\/v2\/product_cat?post=1468"},{"taxonomy":"product_tag","embeddable":true,"href":"https:\/\/naimen.shop\/index.php\/wp-json\/wp\/v2\/product_tag?post=1468"}],"curies":[{"name":"wp","href":"https:\/\/api.w.org\/{rel}","templated":true}]}}