{"id":377,"date":"2025-10-14T14:05:21","date_gmt":"2025-10-14T12:05:21","guid":{"rendered":"https:\/\/naimen.shop\/?post_type=product&#038;p=377"},"modified":"2025-11-09T13:16:44","modified_gmt":"2025-11-09T12:16:44","slug":"baguette-magique","status":"publish","type":"product","link":"https:\/\/naimen.shop\/index.php\/produit\/baguette-magique\/","title":{"rendered":"Baguette magique"},"content":{"rendered":"","protected":false},"excerpt":{"rendered":"<p>Baguette avec un grelot \u00e0 l&rsquo;int\u00e9rieur, qui \u00e9met un l\u00e9ger son lorsque vous la secouez.<\/p>\n","protected":false},"featured_media":378,"comment_status":"open","ping_status":"closed","template":"","meta":[],"product_brand":[],"product_cat":[23],"product_tag":[],"class_list":{"0":"post-377","1":"product","2":"type-product","3":"status-publish","4":"has-post-thumbnail","6":"product_cat-ninos","8":"first","9":"instock","10":"featured","11":"shipping-taxable","12":"purchasable","13":"product-type-variable"},"_links":{"self":[{"href":"https:\/\/naimen.shop\/index.php\/wp-json\/wp\/v2\/product\/377","targetHints":{"allow":["GET"]}}],"collection":[{"href":"https:\/\/naimen.shop\/index.php\/wp-json\/wp\/v2\/product"}],"about":[{"href":"https:\/\/naimen.shop\/index.php\/wp-json\/wp\/v2\/types\/product"}],"replies":[{"embeddable":true,"href":"https:\/\/naimen.shop\/index.php\/wp-json\/wp\/v2\/comments?post=377"}],"wp:featuredmedia":[{"embeddable":true,"href":"https:\/\/naimen.shop\/index.php\/wp-json\/wp\/v2\/media\/378"}],"wp:attachment":[{"href":"https:\/\/naimen.shop\/index.php\/wp-json\/wp\/v2\/media?parent=377"}],"wp:term":[{"taxonomy":"product_brand","embeddable":true,"href":"https:\/\/naimen.shop\/index.php\/wp-json\/wp\/v2\/product_brand?post=377"},{"taxonomy":"product_cat","embeddable":true,"href":"https:\/\/naimen.shop\/index.php\/wp-json\/wp\/v2\/product_cat?post=377"},{"taxonomy":"product_tag","embeddable":true,"href":"https:\/\/naimen.shop\/index.php\/wp-json\/wp\/v2\/product_tag?post=377"}],"curies":[{"name":"wp","href":"https:\/\/api.w.org\/{rel}","templated":true}]}}