{"id":3805,"date":"2026-01-06T10:04:34","date_gmt":"2026-01-06T09:04:34","guid":{"rendered":"https:\/\/naimen.shop\/?post_type=product&#038;p=3805"},"modified":"2026-01-06T10:24:31","modified_gmt":"2026-01-06T09:24:31","slug":"protege-carnet-de-sante-personnalise","status":"publish","type":"product","link":"https:\/\/naimen.shop\/index.php\/produit\/protege-carnet-de-sante-personnalise\/","title":{"rendered":"Prot\u00e8ge Carnet de Sant\u00e9 Personnalis\u00e9"},"content":{"rendered":"<p>Il est possible d&rsquo;apposer un nom sur ce produit. Il ne peut \u00eatre lav\u00e9 \u00e0 plus de 40 degr\u00e9s ni repass\u00e9 directement.<\/p>\n<p>Important :\u2028- Je le confectionnerai pour vous. Les d\u00e9lais varieront en fonction des commandes, mais ne d\u00e9passeront jamais 5 jours ouvrables.<\/p>\n<p>Mesures approximatives:<\/p>\n","protected":false},"excerpt":{"rendered":"<p>Qui mieux que vous pour le rendre unique ! Choisissez toujours un tissu principal et \u00e9ponge 100 % coton certifi\u00e9 Oeko-Tex.<\/p>\n<p>Si vous souhaitez que je mette le nom, service gratuit, il suffit de l&rsquo;indiquer au moment du paiement, \u00ab ajouter une note \u00e0 votre commande \u00bb appara\u00eetra.<\/p>\n","protected":false},"featured_media":3562,"comment_status":"open","ping_status":"closed","template":"","meta":[],"product_brand":[],"product_cat":[31],"product_tag":[],"class_list":{"0":"post-3805","1":"product","2":"type-product","3":"status-publish","4":"has-post-thumbnail","6":"product_cat-personnalise","8":"first","9":"instock","10":"shipping-taxable","11":"purchasable","12":"product-type-variable"},"_links":{"self":[{"href":"https:\/\/naimen.shop\/index.php\/wp-json\/wp\/v2\/product\/3805","targetHints":{"allow":["GET"]}}],"collection":[{"href":"https:\/\/naimen.shop\/index.php\/wp-json\/wp\/v2\/product"}],"about":[{"href":"https:\/\/naimen.shop\/index.php\/wp-json\/wp\/v2\/types\/product"}],"replies":[{"embeddable":true,"href":"https:\/\/naimen.shop\/index.php\/wp-json\/wp\/v2\/comments?post=3805"}],"wp:featuredmedia":[{"embeddable":true,"href":"https:\/\/naimen.shop\/index.php\/wp-json\/wp\/v2\/media\/3562"}],"wp:attachment":[{"href":"https:\/\/naimen.shop\/index.php\/wp-json\/wp\/v2\/media?parent=3805"}],"wp:term":[{"taxonomy":"product_brand","embeddable":true,"href":"https:\/\/naimen.shop\/index.php\/wp-json\/wp\/v2\/product_brand?post=3805"},{"taxonomy":"product_cat","embeddable":true,"href":"https:\/\/naimen.shop\/index.php\/wp-json\/wp\/v2\/product_cat?post=3805"},{"taxonomy":"product_tag","embeddable":true,"href":"https:\/\/naimen.shop\/index.php\/wp-json\/wp\/v2\/product_tag?post=3805"}],"curies":[{"name":"wp","href":"https:\/\/api.w.org\/{rel}","templated":true}]}}