{"id":4302,"date":"2026-01-06T17:53:04","date_gmt":"2026-01-06T16:53:04","guid":{"rendered":"https:\/\/naimen.shop\/?post_type=product&#038;p=4302"},"modified":"2026-01-06T21:39:10","modified_gmt":"2026-01-06T20:39:10","slug":"protege-carnet-de-sante-copie","status":"publish","type":"product","link":"https:\/\/naimen.shop\/index.php\/produit\/protege-carnet-de-sante-copie\/","title":{"rendered":"Prot\u00e8ge Carnet de Sant\u00e9"},"content":{"rendered":"<p>Il est possible d&rsquo;apposer un nom sur ce produit. Il ne peut \u00eatre lav\u00e9 \u00e0 plus de 40 degr\u00e9s ni repass\u00e9 directement.<\/p>\n<p>&nbsp;<\/p>\n","protected":false},"excerpt":{"rendered":"<p>100 % coton certifi\u00e9 Oeko-Tex.<\/p>\n<p>Si vous souhaitez que je mette le nom, service gratuit, il suffit de l&rsquo;indiquer au moment du paiement, \u00ab ajouter une note \u00e0 votre commande \u00bb appara\u00eetra.<\/p>\n","protected":false},"featured_media":4298,"comment_status":"open","ping_status":"closed","template":"","meta":[],"product_brand":[],"product_cat":[20,47],"product_tag":[],"class_list":{"0":"post-4302","1":"product","2":"type-product","3":"status-publish","4":"has-post-thumbnail","6":"product_cat-bebe","7":"product_cat-protege-carnet-sante","9":"first","10":"instock","11":"shipping-taxable","12":"purchasable","13":"product-type-simple"},"_links":{"self":[{"href":"https:\/\/naimen.shop\/index.php\/wp-json\/wp\/v2\/product\/4302","targetHints":{"allow":["GET"]}}],"collection":[{"href":"https:\/\/naimen.shop\/index.php\/wp-json\/wp\/v2\/product"}],"about":[{"href":"https:\/\/naimen.shop\/index.php\/wp-json\/wp\/v2\/types\/product"}],"replies":[{"embeddable":true,"href":"https:\/\/naimen.shop\/index.php\/wp-json\/wp\/v2\/comments?post=4302"}],"wp:featuredmedia":[{"embeddable":true,"href":"https:\/\/naimen.shop\/index.php\/wp-json\/wp\/v2\/media\/4298"}],"wp:attachment":[{"href":"https:\/\/naimen.shop\/index.php\/wp-json\/wp\/v2\/media?parent=4302"}],"wp:term":[{"taxonomy":"product_brand","embeddable":true,"href":"https:\/\/naimen.shop\/index.php\/wp-json\/wp\/v2\/product_brand?post=4302"},{"taxonomy":"product_cat","embeddable":true,"href":"https:\/\/naimen.shop\/index.php\/wp-json\/wp\/v2\/product_cat?post=4302"},{"taxonomy":"product_tag","embeddable":true,"href":"https:\/\/naimen.shop\/index.php\/wp-json\/wp\/v2\/product_tag?post=4302"}],"curies":[{"name":"wp","href":"https:\/\/api.w.org\/{rel}","templated":true}]}}