{"id":4370,"date":"2026-01-06T21:59:42","date_gmt":"2026-01-06T20:59:42","guid":{"rendered":"https:\/\/naimen.shop\/?post_type=product&#038;p=4370"},"modified":"2026-01-06T23:37:32","modified_gmt":"2026-01-06T22:37:32","slug":"bavoir-bandana-0-6m","status":"publish","type":"product","link":"https:\/\/naimen.shop\/index.php\/produit\/bavoir-bandana-0-6m\/","title":{"rendered":"Bavoir Bandana 0-6m"},"content":{"rendered":"<div>Important:<\/div>\n<div>&#8211; Si le produit est en stock, il sera exp\u00e9di\u00e9 d\u00e8s que possible.<\/div>\n<div>&#8211; S&rsquo;il n&rsquo;est pas en stock, je le confectionnerai pour vous. Les d\u00e9lais varieront en fonction des commandes, mais ne d\u00e9passeront jamais 5 jours ouvrables.<\/div>\n<div>&#8211; Si l&rsquo;achat n&rsquo;est pas possible, cela signifie que nous ne disposons pas du mat\u00e9riel n\u00e9cessaire ou que le tissu n&rsquo;est plus disponible.<\/div>\n","protected":false},"excerpt":{"rendered":"<p>Au dos: Nid D\u2019abeille coton. 100 % coton certifi\u00e9 Oeko-Tex.<\/p>\n<p>Mesures approximatives: 21\u00d726 cm<\/p>\n","protected":false},"featured_media":482,"comment_status":"open","ping_status":"closed","template":"","meta":[],"product_brand":[],"product_cat":[19,20],"product_tag":[],"class_list":{"0":"post-4370","1":"product","2":"type-product","3":"status-publish","4":"has-post-thumbnail","6":"product_cat-bavoir","7":"product_cat-bebe","9":"first","10":"instock","11":"shipping-taxable","12":"purchasable","13":"product-type-simple"},"_links":{"self":[{"href":"https:\/\/naimen.shop\/index.php\/wp-json\/wp\/v2\/product\/4370","targetHints":{"allow":["GET"]}}],"collection":[{"href":"https:\/\/naimen.shop\/index.php\/wp-json\/wp\/v2\/product"}],"about":[{"href":"https:\/\/naimen.shop\/index.php\/wp-json\/wp\/v2\/types\/product"}],"replies":[{"embeddable":true,"href":"https:\/\/naimen.shop\/index.php\/wp-json\/wp\/v2\/comments?post=4370"}],"wp:featuredmedia":[{"embeddable":true,"href":"https:\/\/naimen.shop\/index.php\/wp-json\/wp\/v2\/media\/482"}],"wp:attachment":[{"href":"https:\/\/naimen.shop\/index.php\/wp-json\/wp\/v2\/media?parent=4370"}],"wp:term":[{"taxonomy":"product_brand","embeddable":true,"href":"https:\/\/naimen.shop\/index.php\/wp-json\/wp\/v2\/product_brand?post=4370"},{"taxonomy":"product_cat","embeddable":true,"href":"https:\/\/naimen.shop\/index.php\/wp-json\/wp\/v2\/product_cat?post=4370"},{"taxonomy":"product_tag","embeddable":true,"href":"https:\/\/naimen.shop\/index.php\/wp-json\/wp\/v2\/product_tag?post=4370"}],"curies":[{"name":"wp","href":"https:\/\/api.w.org\/{rel}","templated":true}]}}