{"id":4472,"date":"2026-01-08T10:10:10","date_gmt":"2026-01-08T09:10:10","guid":{"rendered":"https:\/\/naimen.shop\/?post_type=product&#038;p=4472"},"modified":"2026-01-08T10:10:44","modified_gmt":"2026-01-08T09:10:44","slug":"kit-naissance-copie-2","status":"publish","type":"product","link":"https:\/\/naimen.shop\/index.php\/produit\/kit-naissance-copie-2\/","title":{"rendered":"Kit Naissance"},"content":{"rendered":"<div>Important :<\/div>\n<div>&#8211; Si le produit est en stock, il sera exp\u00e9di\u00e9 d\u00e8s que possible.<\/div>\n<div>&#8211; S&rsquo;il n&rsquo;est pas en stock, je le confectionnerai pour vous. Les d\u00e9lais varieront en fonction des commandes, mais ne d\u00e9passeront jamais 5 jours ouvrables.<\/div>\n<div>&#8211; Si l&rsquo;achat n&rsquo;est pas possible, cela signifie que nous ne disposons pas du mat\u00e9riel n\u00e9cessaire ou que le tissu n&rsquo;est plus disponible.<\/div>\n","protected":false},"excerpt":{"rendered":"<p>Compos\u00e9 de :<\/p>\n<p>Bavoir, Attache-sucette, Serviette d&rsquo;allaitement, Anneau de dentition.\u00a0 100 % coton certifi\u00e9 Oeko-Tex.<\/p>\n","protected":false},"featured_media":4463,"comment_status":"open","ping_status":"closed","template":"","meta":[],"product_brand":[],"product_cat":[20,22],"product_tag":[],"class_list":{"0":"post-4472","1":"product","2":"type-product","3":"status-publish","4":"has-post-thumbnail","6":"product_cat-bebe","7":"product_cat-kit","9":"first","10":"instock","11":"shipping-taxable","12":"purchasable","13":"product-type-simple"},"_links":{"self":[{"href":"https:\/\/naimen.shop\/index.php\/wp-json\/wp\/v2\/product\/4472","targetHints":{"allow":["GET"]}}],"collection":[{"href":"https:\/\/naimen.shop\/index.php\/wp-json\/wp\/v2\/product"}],"about":[{"href":"https:\/\/naimen.shop\/index.php\/wp-json\/wp\/v2\/types\/product"}],"replies":[{"embeddable":true,"href":"https:\/\/naimen.shop\/index.php\/wp-json\/wp\/v2\/comments?post=4472"}],"wp:featuredmedia":[{"embeddable":true,"href":"https:\/\/naimen.shop\/index.php\/wp-json\/wp\/v2\/media\/4463"}],"wp:attachment":[{"href":"https:\/\/naimen.shop\/index.php\/wp-json\/wp\/v2\/media?parent=4472"}],"wp:term":[{"taxonomy":"product_brand","embeddable":true,"href":"https:\/\/naimen.shop\/index.php\/wp-json\/wp\/v2\/product_brand?post=4472"},{"taxonomy":"product_cat","embeddable":true,"href":"https:\/\/naimen.shop\/index.php\/wp-json\/wp\/v2\/product_cat?post=4472"},{"taxonomy":"product_tag","embeddable":true,"href":"https:\/\/naimen.shop\/index.php\/wp-json\/wp\/v2\/product_tag?post=4472"}],"curies":[{"name":"wp","href":"https:\/\/api.w.org\/{rel}","templated":true}]}}