{"id":4476,"date":"2026-01-08T10:24:40","date_gmt":"2026-01-08T09:24:40","guid":{"rendered":"https:\/\/naimen.shop\/?post_type=product&#038;p=4476"},"modified":"2026-01-08T10:26:25","modified_gmt":"2026-01-08T09:26:25","slug":"pantalon-bastien-2","status":"publish","type":"product","link":"https:\/\/naimen.shop\/index.php\/produit\/pantalon-bastien-2\/","title":{"rendered":"Pantalon Bastien"},"content":{"rendered":"","protected":false},"excerpt":{"rendered":"<p>R\u00e9alis\u00e9 en maille \u00e9lastique, en coton, il est parfait pour l&rsquo;\u00e9t\u00e9 comme pour l&rsquo;hiver. Taille unique, convient aux enfants \u00e0 partir de 3 mois.<br \/>\nLorsque le pantalon devient trop petit, ne le jetez pas, il pourra \u00eatre r\u00e9utilis\u00e9 d\u00e8s que votre enfant n&rsquo;aura plus besoin de couches.<\/p>\n","protected":false},"featured_media":4477,"comment_status":"open","ping_status":"closed","template":"","meta":[],"product_brand":[],"product_cat":[20,48],"product_tag":[],"class_list":{"0":"post-4476","1":"product","2":"type-product","3":"status-publish","4":"has-post-thumbnail","6":"product_cat-bebe","7":"product_cat-vetements","9":"first","10":"instock","11":"shipping-taxable","12":"purchasable","13":"product-type-simple"},"_links":{"self":[{"href":"https:\/\/naimen.shop\/index.php\/wp-json\/wp\/v2\/product\/4476","targetHints":{"allow":["GET"]}}],"collection":[{"href":"https:\/\/naimen.shop\/index.php\/wp-json\/wp\/v2\/product"}],"about":[{"href":"https:\/\/naimen.shop\/index.php\/wp-json\/wp\/v2\/types\/product"}],"replies":[{"embeddable":true,"href":"https:\/\/naimen.shop\/index.php\/wp-json\/wp\/v2\/comments?post=4476"}],"wp:featuredmedia":[{"embeddable":true,"href":"https:\/\/naimen.shop\/index.php\/wp-json\/wp\/v2\/media\/4477"}],"wp:attachment":[{"href":"https:\/\/naimen.shop\/index.php\/wp-json\/wp\/v2\/media?parent=4476"}],"wp:term":[{"taxonomy":"product_brand","embeddable":true,"href":"https:\/\/naimen.shop\/index.php\/wp-json\/wp\/v2\/product_brand?post=4476"},{"taxonomy":"product_cat","embeddable":true,"href":"https:\/\/naimen.shop\/index.php\/wp-json\/wp\/v2\/product_cat?post=4476"},{"taxonomy":"product_tag","embeddable":true,"href":"https:\/\/naimen.shop\/index.php\/wp-json\/wp\/v2\/product_tag?post=4476"}],"curies":[{"name":"wp","href":"https:\/\/api.w.org\/{rel}","templated":true}]}}