{"id":4481,"date":"2026-01-08T10:26:36","date_gmt":"2026-01-08T09:26:36","guid":{"rendered":"https:\/\/naimen.shop\/?post_type=product&#038;p=4481"},"modified":"2026-01-08T10:26:59","modified_gmt":"2026-01-08T09:26:59","slug":"pantalon-bastien-3","status":"publish","type":"product","link":"https:\/\/naimen.shop\/index.php\/produit\/pantalon-bastien-3\/","title":{"rendered":"Pantalon Bastien"},"content":{"rendered":"","protected":false},"excerpt":{"rendered":"<p>R\u00e9alis\u00e9 en maille \u00e9lastique, en coton, il est parfait pour l&rsquo;\u00e9t\u00e9 comme pour l&rsquo;hiver. Taille unique, convient aux enfants \u00e0 partir de 3 mois.<br \/>\nLorsque le pantalon devient trop petit, ne le jetez pas, il pourra \u00eatre r\u00e9utilis\u00e9 d\u00e8s que votre enfant n&rsquo;aura plus besoin de couches.<\/p>\n","protected":false},"featured_media":4478,"comment_status":"open","ping_status":"closed","template":"","meta":[],"product_brand":[],"product_cat":[20,48],"product_tag":[],"class_list":{"0":"post-4481","1":"product","2":"type-product","3":"status-publish","4":"has-post-thumbnail","6":"product_cat-bebe","7":"product_cat-vetements","9":"first","10":"instock","11":"shipping-taxable","12":"purchasable","13":"product-type-simple"},"_links":{"self":[{"href":"https:\/\/naimen.shop\/index.php\/wp-json\/wp\/v2\/product\/4481","targetHints":{"allow":["GET"]}}],"collection":[{"href":"https:\/\/naimen.shop\/index.php\/wp-json\/wp\/v2\/product"}],"about":[{"href":"https:\/\/naimen.shop\/index.php\/wp-json\/wp\/v2\/types\/product"}],"replies":[{"embeddable":true,"href":"https:\/\/naimen.shop\/index.php\/wp-json\/wp\/v2\/comments?post=4481"}],"wp:featuredmedia":[{"embeddable":true,"href":"https:\/\/naimen.shop\/index.php\/wp-json\/wp\/v2\/media\/4478"}],"wp:attachment":[{"href":"https:\/\/naimen.shop\/index.php\/wp-json\/wp\/v2\/media?parent=4481"}],"wp:term":[{"taxonomy":"product_brand","embeddable":true,"href":"https:\/\/naimen.shop\/index.php\/wp-json\/wp\/v2\/product_brand?post=4481"},{"taxonomy":"product_cat","embeddable":true,"href":"https:\/\/naimen.shop\/index.php\/wp-json\/wp\/v2\/product_cat?post=4481"},{"taxonomy":"product_tag","embeddable":true,"href":"https:\/\/naimen.shop\/index.php\/wp-json\/wp\/v2\/product_tag?post=4481"}],"curies":[{"name":"wp","href":"https:\/\/api.w.org\/{rel}","templated":true}]}}