{"id":4490,"date":"2026-01-08T10:58:46","date_gmt":"2026-01-08T09:58:46","guid":{"rendered":"https:\/\/naimen.shop\/?post_type=product&#038;p=4490"},"modified":"2026-01-08T10:59:17","modified_gmt":"2026-01-08T09:59:17","slug":"trousse-cedric","status":"publish","type":"product","link":"https:\/\/naimen.shop\/index.php\/produit\/trousse-cedric\/","title":{"rendered":"Trousse C\u00e9dric"},"content":{"rendered":"<p>Grande capacit\u00e9, vous pouvez l&rsquo;utiliser pour ranger notre matelas \u00e0 langer portable, des couches, des cr\u00e8mes&#8230;<\/p>\n","protected":false},"excerpt":{"rendered":"<p>Grande capacit\u00e9, vous pouvez l&rsquo;utiliser pour ranger notre matelas \u00e0 langer portable, des couches, des cr\u00e8mes&#8230;<\/p>\n","protected":false},"featured_media":4488,"comment_status":"open","ping_status":"closed","template":"","meta":[],"product_brand":[],"product_cat":[20],"product_tag":[],"class_list":{"0":"post-4490","1":"product","2":"type-product","3":"status-publish","4":"has-post-thumbnail","6":"product_cat-bebe","8":"first","9":"instock","10":"shipping-taxable","11":"purchasable","12":"product-type-simple"},"_links":{"self":[{"href":"https:\/\/naimen.shop\/index.php\/wp-json\/wp\/v2\/product\/4490","targetHints":{"allow":["GET"]}}],"collection":[{"href":"https:\/\/naimen.shop\/index.php\/wp-json\/wp\/v2\/product"}],"about":[{"href":"https:\/\/naimen.shop\/index.php\/wp-json\/wp\/v2\/types\/product"}],"replies":[{"embeddable":true,"href":"https:\/\/naimen.shop\/index.php\/wp-json\/wp\/v2\/comments?post=4490"}],"wp:featuredmedia":[{"embeddable":true,"href":"https:\/\/naimen.shop\/index.php\/wp-json\/wp\/v2\/media\/4488"}],"wp:attachment":[{"href":"https:\/\/naimen.shop\/index.php\/wp-json\/wp\/v2\/media?parent=4490"}],"wp:term":[{"taxonomy":"product_brand","embeddable":true,"href":"https:\/\/naimen.shop\/index.php\/wp-json\/wp\/v2\/product_brand?post=4490"},{"taxonomy":"product_cat","embeddable":true,"href":"https:\/\/naimen.shop\/index.php\/wp-json\/wp\/v2\/product_cat?post=4490"},{"taxonomy":"product_tag","embeddable":true,"href":"https:\/\/naimen.shop\/index.php\/wp-json\/wp\/v2\/product_tag?post=4490"}],"curies":[{"name":"wp","href":"https:\/\/api.w.org\/{rel}","templated":true}]}}