{"id":881,"date":"2025-12-06T18:18:13","date_gmt":"2025-12-06T17:18:13","guid":{"rendered":"https:\/\/naimen.shop\/?post_type=product&#038;p=881"},"modified":"2025-12-06T18:37:14","modified_gmt":"2025-12-06T17:37:14","slug":"serviette-dallaitement-personnalise","status":"publish","type":"product","link":"https:\/\/naimen.shop\/index.php\/produit\/serviette-dallaitement-personnalise\/","title":{"rendered":"Serviette d&rsquo;allaitement Personnalis\u00e9"},"content":{"rendered":"<p>Il est possible d&rsquo;apposer un nom sur ce produit. Il est id\u00e9al si vous l&rsquo;utilisez dans la poussette pour la prot\u00e9ger des baves, mais si vous comptez l&rsquo;utiliser comme serviette au quotidien, je ne vous le recommande pas car il ne peut \u00eatre lav\u00e9 \u00e0 plus de 40 degr\u00e9s ni repass\u00e9 directement.<\/p>\n<p>Important :\u2028- Si le produit est en stock, il sera exp\u00e9di\u00e9 d\u00e8s que possible.\u2028- S&rsquo;il n&rsquo;est pas en stock, je le confectionnerai pour vous. Les d\u00e9lais varieront en fonction des commandes, mais ne d\u00e9passeront jamais 5 jours ouvrables.\u2028- Si l&rsquo;achat n&rsquo;est pas possible, cela signifie que nous ne disposons pas du mat\u00e9riel n\u00e9cessaire ou que le tissu n&rsquo;est plus disponible.<\/p>\n<p>Mesures approximatives: 40&#215;20 cm<\/p>\n","protected":false},"excerpt":{"rendered":"<p>Qui mieux que vous pour le rendre unique ! Choisissez toujours un tissu principal 100 % coton certifi\u00e9 Oeko-Tex et un tissu arri\u00e8re (bien qu&rsquo;ils soient r\u00e9versibles) en \u00e9ponge alv\u00e9ol\u00e9e de coton, en tissu \u00e9ponge de coton ou en bambou \u00e9cologique.<\/p>\n<p>Si vous souhaitez que je mette le nom, service gratuit, il suffit de l&rsquo;indiquer au moment du paiement, \u00ab ajouter une note \u00e0 votre commande \u00bb appara\u00eetra.<\/p>\n","protected":false},"featured_media":879,"comment_status":"open","ping_status":"closed","template":"","meta":[],"product_brand":[],"product_cat":[19,20,31],"product_tag":[],"class_list":{"0":"post-881","1":"product","2":"type-product","3":"status-publish","4":"has-post-thumbnail","6":"product_cat-bavoir","7":"product_cat-bebe","8":"product_cat-personnalise","10":"first","11":"instock","12":"shipping-taxable","13":"purchasable","14":"product-type-variable"},"_links":{"self":[{"href":"https:\/\/naimen.shop\/index.php\/wp-json\/wp\/v2\/product\/881","targetHints":{"allow":["GET"]}}],"collection":[{"href":"https:\/\/naimen.shop\/index.php\/wp-json\/wp\/v2\/product"}],"about":[{"href":"https:\/\/naimen.shop\/index.php\/wp-json\/wp\/v2\/types\/product"}],"replies":[{"embeddable":true,"href":"https:\/\/naimen.shop\/index.php\/wp-json\/wp\/v2\/comments?post=881"}],"wp:featuredmedia":[{"embeddable":true,"href":"https:\/\/naimen.shop\/index.php\/wp-json\/wp\/v2\/media\/879"}],"wp:attachment":[{"href":"https:\/\/naimen.shop\/index.php\/wp-json\/wp\/v2\/media?parent=881"}],"wp:term":[{"taxonomy":"product_brand","embeddable":true,"href":"https:\/\/naimen.shop\/index.php\/wp-json\/wp\/v2\/product_brand?post=881"},{"taxonomy":"product_cat","embeddable":true,"href":"https:\/\/naimen.shop\/index.php\/wp-json\/wp\/v2\/product_cat?post=881"},{"taxonomy":"product_tag","embeddable":true,"href":"https:\/\/naimen.shop\/index.php\/wp-json\/wp\/v2\/product_tag?post=881"}],"curies":[{"name":"wp","href":"https:\/\/api.w.org\/{rel}","templated":true}]}}